{"id":137,"date":"2023-06-12T20:07:32","date_gmt":"2023-06-12T20:07:32","guid":{"rendered":"https:\/\/kristuskaralius.lt\/?page_id=137"},"modified":"2026-04-29T09:55:34","modified_gmt":"2026-04-29T09:55:34","slug":"skelbimai","status":"publish","type":"page","link":"https:\/\/kristuskaralius.lt\/index.php\/skelbimai\/","title":{"rendered":"Skelbimai"},"content":{"rendered":"\n<p class=\"has-background-color has-text-color has-link-color wp-elements-b6b9d45e54e128f8ea9fe82b50cb4a6b\">\/\/\/<\/p>\n\n\n\n<figure class=\"wp-block-image size-full\"><img loading=\"lazy\" decoding=\"async\" width=\"940\" height=\"788\" src=\"http:\/\/kristuskaralius.lt\/wp-content\/uploads\/2026\/04\/2026-04-26.png\" alt=\"\" class=\"wp-image-4642\" srcset=\"https:\/\/kristuskaralius.lt\/wp-content\/uploads\/2026\/04\/2026-04-26.png 940w, https:\/\/kristuskaralius.lt\/wp-content\/uploads\/2026\/04\/2026-04-26-300x251.png 300w, https:\/\/kristuskaralius.lt\/wp-content\/uploads\/2026\/04\/2026-04-26-768x644.png 768w\" sizes=\"(max-width: 940px) 100vw, 940px\" \/><\/figure>\n\n\n\n<figure class=\"wp-block-image size-full is-resized\"><img loading=\"lazy\" decoding=\"async\" width=\"526\" height=\"275\" src=\"https:\/\/kristuskaralius.lt\/wp-content\/uploads\/2026\/04\/Mojavos.jpg\" alt=\"\" class=\"wp-image-4652\" style=\"width:650px;height:auto\" srcset=\"https:\/\/kristuskaralius.lt\/wp-content\/uploads\/2026\/04\/Mojavos.jpg 526w, https:\/\/kristuskaralius.lt\/wp-content\/uploads\/2026\/04\/Mojavos-300x157.jpg 300w\" sizes=\"(max-width: 526px) 100vw, 526px\" \/><\/figure>\n\n\n\n<figure class=\"wp-block-image size-large\"><img loading=\"lazy\" decoding=\"async\" width=\"727\" height=\"1024\" src=\"https:\/\/kristuskaralius.lt\/wp-content\/uploads\/2026\/04\/Skelbimas-tinklapiui-2026-727x1024.jpg\" alt=\"\" class=\"wp-image-4645\" srcset=\"https:\/\/kristuskaralius.lt\/wp-content\/uploads\/2026\/04\/Skelbimas-tinklapiui-2026-727x1024.jpg 727w, https:\/\/kristuskaralius.lt\/wp-content\/uploads\/2026\/04\/Skelbimas-tinklapiui-2026-213x300.jpg 213w, https:\/\/kristuskaralius.lt\/wp-content\/uploads\/2026\/04\/Skelbimas-tinklapiui-2026-768x1082.jpg 768w, https:\/\/kristuskaralius.lt\/wp-content\/uploads\/2026\/04\/Skelbimas-tinklapiui-2026-1091x1536.jpg 1091w, https:\/\/kristuskaralius.lt\/wp-content\/uploads\/2026\/04\/Skelbimas-tinklapiui-2026-1454x2048.jpg 1454w, https:\/\/kristuskaralius.lt\/wp-content\/uploads\/2026\/04\/Skelbimas-tinklapiui-2026-scaled.jpg 1818w\" sizes=\"(max-width: 727px) 100vw, 727px\" \/><figcaption class=\"wp-element-caption\"><strong>Registracija&nbsp;&nbsp;iki gegu\u017e\u0117s 7 d.: <\/strong><br><strong>vaik\u0173&nbsp;<\/strong>&nbsp;(pildo t\u0117vai)&nbsp;&nbsp;<br><a href=\"https:\/\/forms.gle\/mzXW2nG69PAoaeix5\" target=\"_blank\" rel=\"noreferrer noopener\">https:\/\/forms.gle\/mzXW2nG69PAoaeix5<\/a><br><strong>savanori\u0173<\/strong>&nbsp;(pildo patys)&nbsp;<br>&nbsp;<a href=\"https:\/\/forms.gle\/5SBRMXyoho63evhy8\" target=\"_blank\" rel=\"noreferrer noopener\">https:\/\/forms.gle\/5SBRMXyoho63evhy8<\/a><\/figcaption><\/figure>\n\n\n\n<figure class=\"wp-block-image size-large is-resized\"><img loading=\"lazy\" decoding=\"async\" width=\"724\" height=\"1024\" src=\"https:\/\/kristuskaralius.lt\/wp-content\/uploads\/2026\/04\/4-1-724x1024.jpg\" alt=\"\" class=\"wp-image-4653\" style=\"width:650px;height:auto\" srcset=\"https:\/\/kristuskaralius.lt\/wp-content\/uploads\/2026\/04\/4-1-724x1024.jpg 724w, https:\/\/kristuskaralius.lt\/wp-content\/uploads\/2026\/04\/4-1-212x300.jpg 212w, https:\/\/kristuskaralius.lt\/wp-content\/uploads\/2026\/04\/4-1-768x1086.jpg 768w, https:\/\/kristuskaralius.lt\/wp-content\/uploads\/2026\/04\/4-1.jpg 1018w\" sizes=\"(max-width: 724px) 100vw, 724px\" \/><\/figure>\n\n\n\n\n\n<figure class=\"wp-block-image size-full\"><img loading=\"lazy\" decoding=\"async\" width=\"940\" height=\"788\" src=\"https:\/\/kristuskaralius.lt\/wp-content\/uploads\/2026\/02\/24-proc.-nuo-GPM.png\" alt=\"\" class=\"wp-image-4505\" srcset=\"https:\/\/kristuskaralius.lt\/wp-content\/uploads\/2026\/02\/24-proc.-nuo-GPM.png 940w, https:\/\/kristuskaralius.lt\/wp-content\/uploads\/2026\/02\/24-proc.-nuo-GPM-300x251.png 300w, https:\/\/kristuskaralius.lt\/wp-content\/uploads\/2026\/02\/24-proc.-nuo-GPM-768x644.png 768w\" sizes=\"(max-width: 940px) 100vw, 940px\" \/><figcaption class=\"wp-element-caption\">Atkreipiame d\u0117mes\u012f, kad pra\u0161ym\u0105 pervesti pajam\u0173 mokes\u010dio dal\u012f paramos gav\u0117jams galima pateikti <br>iki 2026 m. gegu\u017e\u0117s 4 d. <\/figcaption><\/figure>\n\n\n\n<figure class=\"wp-block-image size-large\"><img loading=\"lazy\" decoding=\"async\" width=\"1024\" height=\"732\" src=\"http:\/\/kristuskaralius.lt\/wp-content\/uploads\/2025\/08\/Adoracija-1024x732.png\" alt=\"\" class=\"wp-image-3932\" srcset=\"https:\/\/kristuskaralius.lt\/wp-content\/uploads\/2025\/08\/Adoracija-1024x732.png 1024w, https:\/\/kristuskaralius.lt\/wp-content\/uploads\/2025\/08\/Adoracija-300x214.png 300w, https:\/\/kristuskaralius.lt\/wp-content\/uploads\/2025\/08\/Adoracija-768x549.png 768w, https:\/\/kristuskaralius.lt\/wp-content\/uploads\/2025\/08\/Adoracija-1536x1097.png 1536w, https:\/\/kristuskaralius.lt\/wp-content\/uploads\/2025\/08\/Adoracija.png 2000w\" sizes=\"(max-width: 1024px) 100vw, 1024px\" \/><\/figure>\n\n\n\n<figure class=\"wp-block-image size-large\"><img loading=\"lazy\" decoding=\"async\" width=\"1024\" height=\"724\" src=\"http:\/\/kristuskaralius.lt\/wp-content\/uploads\/2024\/12\/Vyru-maldos-grupe-MANO-KELIAS-1024x724.png\" alt=\"\" class=\"wp-image-3255\" srcset=\"https:\/\/kristuskaralius.lt\/wp-content\/uploads\/2024\/12\/Vyru-maldos-grupe-MANO-KELIAS-1024x724.png 1024w, https:\/\/kristuskaralius.lt\/wp-content\/uploads\/2024\/12\/Vyru-maldos-grupe-MANO-KELIAS-300x212.png 300w, https:\/\/kristuskaralius.lt\/wp-content\/uploads\/2024\/12\/Vyru-maldos-grupe-MANO-KELIAS-768x543.png 768w, https:\/\/kristuskaralius.lt\/wp-content\/uploads\/2024\/12\/Vyru-maldos-grupe-MANO-KELIAS-1536x1086.png 1536w, https:\/\/kristuskaralius.lt\/wp-content\/uploads\/2024\/12\/Vyru-maldos-grupe-MANO-KELIAS.png 2000w\" sizes=\"(max-width: 1024px) 100vw, 1024px\" \/><\/figure>\n","protected":false},"excerpt":{"rendered":"<p>\/\/\/<\/p>\n","protected":false},"author":3,"featured_media":0,"parent":0,"menu_order":0,"comment_status":"closed","ping_status":"closed","template":"","meta":{"om_disable_all_campaigns":false,"_mi_skip_tracking":false,"_monsterinsights_sitenote_active":false,"_monsterinsights_sitenote_note":"","_monsterinsights_sitenote_category":0,"footnotes":""},"aioseo_notices":[],"_links":{"self":[{"href":"https:\/\/kristuskaralius.lt\/index.php\/wp-json\/wp\/v2\/pages\/137"}],"collection":[{"href":"https:\/\/kristuskaralius.lt\/index.php\/wp-json\/wp\/v2\/pages"}],"about":[{"href":"https:\/\/kristuskaralius.lt\/index.php\/wp-json\/wp\/v2\/types\/page"}],"author":[{"embeddable":true,"href":"https:\/\/kristuskaralius.lt\/index.php\/wp-json\/wp\/v2\/users\/3"}],"replies":[{"embeddable":true,"href":"https:\/\/kristuskaralius.lt\/index.php\/wp-json\/wp\/v2\/comments?post=137"}],"version-history":[{"count":711,"href":"https:\/\/kristuskaralius.lt\/index.php\/wp-json\/wp\/v2\/pages\/137\/revisions"}],"predecessor-version":[{"id":4655,"href":"https:\/\/kristuskaralius.lt\/index.php\/wp-json\/wp\/v2\/pages\/137\/revisions\/4655"}],"wp:attachment":[{"href":"https:\/\/kristuskaralius.lt\/index.php\/wp-json\/wp\/v2\/media?parent=137"}],"curies":[{"name":"wp","href":"https:\/\/api.w.org\/{rel}","templated":true}]}}