{"id":2,"date":"2022-04-23T17:20:19","date_gmt":"2022-04-23T17:20:19","guid":{"rendered":"http:\/\/vegglu.com\/?page_id=2"},"modified":"2026-04-09T18:56:30","modified_gmt":"2026-04-09T18:56:30","slug":"pamaldu-tvarka","status":"publish","type":"page","link":"https:\/\/kristuskaralius.lt\/index.php\/pamaldos\/pamaldu-tvarka\/","title":{"rendered":"Pamald\u0173 tvarka"},"content":{"rendered":"\n<p><strong>Ba\u017eny\u010dia atidaryta<\/strong> <strong>kasdien<\/strong><br>VII \u2013 7.40\u201319 val.<br>I \u2013 VI \u2013 8.30\u201319 val.<\/p>\n\n\n\n<div class=\"wp-block-group is-layout-constrained wp-block-group-is-layout-constrained\">\n<p><strong>\u0160v. Mi\u0161ios<\/strong><br>VII \u2013 9, 10.30, 12 ir 18 val.<br>VI \u2013 10 ir 18 val.<br>I\u2013V \u2013 17 ir 18 val.<\/p>\n<\/div>\n\n\n\n<p><strong>I\u0161pa\u017ein\u010di\u0173 <\/strong>klausoma prie\u0161 kiekvienas \u0161v. Mi\u0161ias<\/p>\n\n\n\n<p><strong>\u0160v\u010d. Sakramento adoracija<\/strong><br>Ketvirtadieniais, po 18 val. \u0161v. Mi\u0161i\u0173, tyloje iki 20 val.<br>Pirm\u0105j\u012f m\u0117nesio ketvirtadien\u012f \u2013 su malda ir giesm\u0117mis<\/p>\n\n\n\n<p><strong>Kiekvien\u0105 m\u0117nes\u012f 18 val. \u0161v. Mi\u0161iose meld\u017eiam\u0117s:<\/strong><br>\u0160v. Antanui \u2013 pirm\u0105j\u012f m\u0117nesio antradien\u012f<br>\u0160v\u010d. J\u0117zaus \u0160ird\u017eiai \u2013 pirm\u0105j\u012f m\u0117nesio penktadien\u012f<br>\u0160v\u010d. Mergelei Marijai  \u2013 pirm\u0105j\u012f m\u0117nesio \u0161e\u0161tadien\u012f<\/p>\n\n\n\n<p><strong>U\u017e \u0161eimas meld\u017eiam\u0117s pirm\u0105j\u012f m\u0117nesio sekmadien\u012f, 10.30 ir 12 val.<\/strong><br>Joms teikiamas asmeninis kunigo palaiminimas<\/p>\n\n\n\n<p><strong>Gav\u0117nios sekmadieniais<\/strong><br>Kry\u017eiaus kelio pamaldos \u2013 po 9 val. \u0161v. Mi\u0161i\u0173<br>Graud\u016bs verksmai \u2013 17.30 val., prie\u0161 18 val. \u0161v. Mi\u0161ias<br><strong>Gav\u0117nios penktadieniais<\/strong><br>\u017demai\u010di\u0173 Kalvarijos Kalnai ba\u017eny\u010dioje giedami nuo 14 val.<\/p>\n\n\n\n<p><strong>Gegu\u017ein\u0117s pamaldos<\/strong> <strong><a href=\"https:\/\/maldynas.katalikai.lt\/liaudies-maldingumas\/mergelei-marijai\/geguzines\" title=\"\">\u010dia<\/a><\/strong><br>VII \u2013 11.30 val., prie\u0161 12 val. \u0161v. Mi\u0161ias<br>I \u2013 VI \u2013 po 18 val. \u0161v. Mi\u0161i\u0173<\/p>\n\n\n\n<p><strong>Bir\u017eelin\u0117s pamaldos<\/strong> <strong><strong><a href=\"https:\/\/maldynas.katalikai.lt\/liaudies-maldingumas\/dievui-sunui\/birzelines\">\u010dia<\/a><\/strong><\/strong><br>VII \u2013 po 12 val. \u0161v. Mi\u0161i\u0173<br>I \u2013 VI \u2013 po 18 val. \u0161v. Mi\u0161i\u0173<\/p>\n\n\n\n<p><strong>Ro\u017einis kalbamas spalio m\u0117nes\u012f<\/strong><br>VII \u2013 11.30 val.<br>I \u2013 VI \u2013 17.30 val.<\/p>\n\n\n\n<p><strong>Advento sekmadieniais<\/strong><br>8.30 val. giedamos rarotos<br>\u0160v\u010d. Mergel\u0117s Marijos garbei<\/p>\n\n\n\n<p><\/p>\n\n\n\n<p><\/p>\n\n\n\n<p><\/p>\n","protected":false},"excerpt":{"rendered":"<p>Ba\u017eny\u010dia atidaryta kasdienVII \u2013 7.40\u201319 val.I \u2013 VI \u2013 8.30\u201319 val. \u0160v. Mi\u0161iosVII \u2013 9, 10.30, 12 ir 18 val.VI \u2013 10 ir 18 val.I\u2013V \u2013 17 ir 18 val. I\u0161pa\u017ein\u010di\u0173 klausoma prie\u0161 kiekvienas \u0161v. Mi\u0161ias \u0160v\u010d. Sakramento adoracijaKetvirtadieniais, po 18 val. \u0161v. Mi\u0161i\u0173, tyloje iki 20 val.Pirm\u0105j\u012f m\u0117nesio ketvirtadien\u012f \u2013 su malda ir giesm\u0117mis [&hellip;]<\/p>\n","protected":false},"author":1,"featured_media":0,"parent":404,"menu_order":1,"comment_status":"closed","ping_status":"closed","template":"","meta":{"om_disable_all_campaigns":false,"_mi_skip_tracking":false,"_monsterinsights_sitenote_active":false,"_monsterinsights_sitenote_note":"","_monsterinsights_sitenote_category":0,"footnotes":""},"aioseo_notices":[],"_links":{"self":[{"href":"https:\/\/kristuskaralius.lt\/index.php\/wp-json\/wp\/v2\/pages\/2"}],"collection":[{"href":"https:\/\/kristuskaralius.lt\/index.php\/wp-json\/wp\/v2\/pages"}],"about":[{"href":"https:\/\/kristuskaralius.lt\/index.php\/wp-json\/wp\/v2\/types\/page"}],"author":[{"embeddable":true,"href":"https:\/\/kristuskaralius.lt\/index.php\/wp-json\/wp\/v2\/users\/1"}],"replies":[{"embeddable":true,"href":"https:\/\/kristuskaralius.lt\/index.php\/wp-json\/wp\/v2\/comments?post=2"}],"version-history":[{"count":102,"href":"https:\/\/kristuskaralius.lt\/index.php\/wp-json\/wp\/v2\/pages\/2\/revisions"}],"predecessor-version":[{"id":4612,"href":"https:\/\/kristuskaralius.lt\/index.php\/wp-json\/wp\/v2\/pages\/2\/revisions\/4612"}],"up":[{"embeddable":true,"href":"https:\/\/kristuskaralius.lt\/index.php\/wp-json\/wp\/v2\/pages\/404"}],"wp:attachment":[{"href":"https:\/\/kristuskaralius.lt\/index.php\/wp-json\/wp\/v2\/media?parent=2"}],"curies":[{"name":"wp","href":"https:\/\/api.w.org\/{rel}","templated":true}]}}