{"id":324,"date":"2023-06-28T06:10:04","date_gmt":"2023-06-28T06:10:04","guid":{"rendered":"https:\/\/kristuskaralius.lt\/?page_id=324"},"modified":"2024-03-29T17:37:54","modified_gmt":"2024-03-29T17:37:54","slug":"votai","status":"publish","type":"page","link":"https:\/\/kristuskaralius.lt\/index.php\/baznycia\/votai\/","title":{"rendered":"Votai"},"content":{"rendered":"\n<p><strong>Kristaus Karaliaus ba\u017eny\u010dioje<\/strong> votams skirta vieta yra \u0161alia \u0160v\u010d. Mergel\u0117s Marijos ikonos. Jeigu norite paaukoti vot\u0105 ir turite klausim\u0173, kreipkit\u0117s \u012f ba\u017eny\u010dios dvasininkus.<\/p>\n\n\n\n<figure class=\"wp-block-gallery has-nested-images columns-default is-cropped wp-block-gallery-1 is-layout-flex wp-block-gallery-is-layout-flex\">\n<figure class=\"wp-block-image size-large\"><img loading=\"lazy\" decoding=\"async\" width=\"747\" height=\"1024\" data-id=\"1143\" src=\"https:\/\/kristuskaralius.lt\/wp-content\/uploads\/2023\/09\/Votai-Dar.-Vasil.-2023.09-747x1024.jpg\" alt=\"\" class=\"wp-image-1143\" srcset=\"https:\/\/kristuskaralius.lt\/wp-content\/uploads\/2023\/09\/Votai-Dar.-Vasil.-2023.09-747x1024.jpg 747w, https:\/\/kristuskaralius.lt\/wp-content\/uploads\/2023\/09\/Votai-Dar.-Vasil.-2023.09-219x300.jpg 219w, https:\/\/kristuskaralius.lt\/wp-content\/uploads\/2023\/09\/Votai-Dar.-Vasil.-2023.09-768x1053.jpg 768w, https:\/\/kristuskaralius.lt\/wp-content\/uploads\/2023\/09\/Votai-Dar.-Vasil.-2023.09-1121x1536.jpg 1121w, https:\/\/kristuskaralius.lt\/wp-content\/uploads\/2023\/09\/Votai-Dar.-Vasil.-2023.09-1494x2048.jpg 1494w, https:\/\/kristuskaralius.lt\/wp-content\/uploads\/2023\/09\/Votai-Dar.-Vasil.-2023.09-scaled.jpg 1868w\" sizes=\"(max-width: 747px) 100vw, 747px\" \/><\/figure>\n\n\n\n<figure class=\"wp-block-image size-large\"><img loading=\"lazy\" decoding=\"async\" width=\"993\" height=\"1024\" data-id=\"1146\" src=\"https:\/\/kristuskaralius.lt\/wp-content\/uploads\/2023\/09\/Klausyklavotai-Dar.-Vasil.-2023.09-2-993x1024.jpg\" alt=\"\" class=\"wp-image-1146\" srcset=\"https:\/\/kristuskaralius.lt\/wp-content\/uploads\/2023\/09\/Klausyklavotai-Dar.-Vasil.-2023.09-2-993x1024.jpg 993w, https:\/\/kristuskaralius.lt\/wp-content\/uploads\/2023\/09\/Klausyklavotai-Dar.-Vasil.-2023.09-2-291x300.jpg 291w, https:\/\/kristuskaralius.lt\/wp-content\/uploads\/2023\/09\/Klausyklavotai-Dar.-Vasil.-2023.09-2-768x792.jpg 768w, https:\/\/kristuskaralius.lt\/wp-content\/uploads\/2023\/09\/Klausyklavotai-Dar.-Vasil.-2023.09-2-1490x1536.jpg 1490w, https:\/\/kristuskaralius.lt\/wp-content\/uploads\/2023\/09\/Klausyklavotai-Dar.-Vasil.-2023.09-2-1986x2048.jpg 1986w\" sizes=\"(max-width: 993px) 100vw, 993px\" \/><\/figure>\n<\/figure>\n\n\n\n<p><\/p>\n\n\n\n<figure class=\"wp-block-image size-large\"><img loading=\"lazy\" decoding=\"async\" width=\"1024\" height=\"682\" src=\"http:\/\/kristuskaralius.lt\/wp-content\/uploads\/2023\/09\/Altorius-Marija-Tabernakulis-Krikstykla-Darija-Vasiliauskiene-2023.08-2-1024x682.jpg\" alt=\"\" class=\"wp-image-1056\" srcset=\"https:\/\/kristuskaralius.lt\/wp-content\/uploads\/2023\/09\/Altorius-Marija-Tabernakulis-Krikstykla-Darija-Vasiliauskiene-2023.08-2-1024x682.jpg 1024w, https:\/\/kristuskaralius.lt\/wp-content\/uploads\/2023\/09\/Altorius-Marija-Tabernakulis-Krikstykla-Darija-Vasiliauskiene-2023.08-2-300x200.jpg 300w, https:\/\/kristuskaralius.lt\/wp-content\/uploads\/2023\/09\/Altorius-Marija-Tabernakulis-Krikstykla-Darija-Vasiliauskiene-2023.08-2-768x511.jpg 768w, https:\/\/kristuskaralius.lt\/wp-content\/uploads\/2023\/09\/Altorius-Marija-Tabernakulis-Krikstykla-Darija-Vasiliauskiene-2023.08-2-1536x1022.jpg 1536w, https:\/\/kristuskaralius.lt\/wp-content\/uploads\/2023\/09\/Altorius-Marija-Tabernakulis-Krikstykla-Darija-Vasiliauskiene-2023.08-2-2048x1363.jpg 2048w\" sizes=\"(max-width: 1024px) 100vw, 1024px\" \/><\/figure>\n\n\n\n<p><strong><a href=\"https:\/\/lt.wikipedia.org\/wiki\/Votas\" title=\"\">Votas<\/a><\/strong> (lot. <em>votum<\/em> \u2013 auka, noras, pa\u017eadas) \u2013 tikin\u010di\u0173 \u017emoni\u0173 ant \u0161vent\u0173 paveiksl\u0173, skulpt\u016br\u0173 kabinamas koks nors daiktas, taip i\u0161rei\u0161kiant pad\u0117k\u0105 u\u017e patirtas ar geid\u017eiamas malones, maldas. Da\u017eniausiai votai yra \u017emogaus k\u016bno dali\u0173 \u2013 akies, \u0161irdies, rankos, kojos \u2013 pavidalo dirbiniai i\u0161 tauri\u0173j\u0173 metal\u0173, taip pat v\u0117riniai, medalik\u0117liai, pakabu\u010diai, \u017eiedai, seg\u0117s, kry\u017eeliai, ro\u017einiai. Kaip asmenin\u0117s pad\u0117kos, \u012f\u017eado arba pra\u0161ymo \u017eenklai, votai aukojami vie\u0161oje maldos vietoje. Votais vadinami ir dovanoti ba\u017eny\u010diai altoriai, paveikslai, liturginiai indai, drabu\u017eiai, kiti daiktai.<\/p>\n\n\n\n<p><strong>Vot\u0173 aukojimo tradicija krik\u0161\u010dioni\u0173 kult\u016broje<\/strong> paplito kaip liaudies maldingumo forma. Turtingi didikai ir kari\u016bnai atsilygindami u\u017e pergales, patirtas su Dievo ar \u0160v\u010d. Mergel\u0117s Marijos pagalba, gal\u0117jo funduoti ba\u017eny\u010di\u0173 statyb\u0105, dovanoti verting\u0173 paveiksl\u0173.<\/p>\n\n\n\n<p><strong>Ba\u017eny\u010dios istorijoje<\/strong> votai \u017einomi nuo V a. Tai da\u017eniausiai b\u016bdavo \u017emogaus k\u016bno dali\u0173 formos (akies, kojos, rankos ir pan.) votai i\u0161 brangi\u0173j\u0173 metal\u0173, tvirtinami prie ypatingai garbinamo \u0161ventojo atvaizdo: stebuklingo paveikslo, statulos, altoriaus, relikvijoriaus. \u0160iais votais atsid\u0117kota, pavyzd\u017eiui, i\u0161sigyd\u017eius lig\u0105, i\u0161gyvenus audr\u0105, nelaim\u0119 ir kt. <\/p>\n\n\n\n<p> <strong>Vot\u0173 aukojimas ypa\u010d pada\u017en\u0117davo<\/strong> visuomen\u0119 i\u0161tikusi\u0173 negand\u0173 akivaizdoje, pavyzd\u017eiui, per karus, epidemijas, nes i\u0161sigelb\u0117jimo viltimi likdavo atsidavimas Dievo malonei.<\/p>\n\n\n\n<p><br><strong>Lietuvoje<\/strong> votai atsirado kartu su pirmosiomis ba\u017eny\u010diomis. Seniausi nei\u0161liko, nes anuomet jie daugiausia buvo gaminti i\u0161 va\u0161ko, v\u0117liau sunaudojamo \u017evak\u0117ms lieti. <\/p>\n\n\n\n<p><a href=\"https:\/\/ausrosvartai.lt\/paveikslo-kilme\/votai\/\" rel=\"nofollow\" title=\"\"><strong>Pirmas<\/strong> <strong>Lietuvoje ra\u0161ytiniuose \u0161altiniuose u\u017efiksuotas votas<\/strong> <\/a>\u2013 1671 m. ant medin\u0117s lentel\u0117s nutapyta patirto stebuklo scena; votas paaukotas prie <a href=\"https:\/\/ausrosvartai.lt\/pamaldumas-dievo-motinai\/\" title=\"\">Vilniaus Au\u0161ros Vart\u0173 \u0160v\u010d. Mergel\u0117s Marijos paveikslo<\/a>. Prie jo paaukota daugiausiai vot\u0173: 1927 m. suskai\u010diuota apie 14 t\u016bkstan\u010di\u0173.<\/p>\n\n\n\n<p><strong>XVII\u2013XVIII a. prie \u0161vent\u0173j\u0173 paveiksl\u0173 ar statul\u0173 kabinti ir brang\u016bs papuo\u0161alai.<\/strong> Vot\u0173 prisikaupus, da\u017enai jie b\u016bdavo i\u0161lydomi, o i\u0161 gauto metalo gaminti \u0161vent\u0173 paveiksl\u0173 aptaisai, altori\u0173 kry\u017eeliai, liturginiai indai. <\/p>\n\n\n\n<p><strong>\u0160tai XVIII a. pabaigoje <a href=\"https:\/\/ausrosvartai.lt\/istorija\/\" title=\"\">Au\u0161ros Vartuose<\/a><\/strong> prikabint\u0173 vot\u0173 susidar\u0117 tiek, kad basieji karmelitai 1799 m. koply\u010dios altoriui sidabruoti ir auksuoti gal\u0117jo skirti 51 ant altoriaus kab\u0117jus\u012f vot\u0105. 1808 m. i\u0161 37 sidabrini\u0173 vot\u0173 buvo padirbdintas pacifikalas koply\u010diai. 1810 m. liturginiams indams gaminti sunaudota 100 i\u0161 seniau surinkt\u0173 vot\u0173. J\u0173 vis daugiau buvo kabinama ir \u0161alia stebuklingo \u0160v\u010d. Mergel\u0117s Marijos paveikslo, ir ant viso altoriaus. <\/p>\n\n\n\n<p><br><strong>Vot\u0173 aukojimo tradicija i\u0161liko ir XXI am\u017eiuje<\/strong>: <a href=\"https:\/\/kryziukalnas.lt\/apie\/\" title=\"\">Kry\u017ei\u0173 kalne<\/a> da\u017eniausiai aukojami ro\u017einiai, \u0161vent\u0173j\u0173 paveikslai, kry\u017eeliai, prie stebuklingu laikomo <a href=\"https:\/\/gailestingumas.lt\/gailestingojo-jezaus-paveikslo-istorija\/\" title=\"\">Gailestingojo J\u0117zaus paveikslo<\/a> (1934 m., dailininkas E. Kazimirowskis; paveikslas nutapytas pagal <a href=\"https:\/\/www.bernardinai.lt\/sv-faustina-kowalska-dievo-gailestingumo-sekretore\/\" title=\"\">Faustinos<\/a> reg\u0117jimus, saugomas Dievo Gailestingumo \u0161ventov\u0117je Vilniuje) \u2013 \u0161irdies ir kitokio pavidalo tauri\u0173j\u0173 metal\u0173 dirbiniai, ro\u017einiai. Taip pat votai aukojami prie \u0160v\u010d. Mergel\u0117s Marijos, \u0161v. Antano ir kit\u0173 Lietuvoje populiari\u0173 \u0161vent\u0173j\u0173 atvaizd\u0173.<\/p>\n\n\n\n<p><\/p>\n","protected":false},"excerpt":{"rendered":"<p>Kristaus Karaliaus ba\u017eny\u010dioje votams skirta vieta yra \u0161alia \u0160v\u010d. Mergel\u0117s Marijos ikonos. Jeigu norite paaukoti vot\u0105 ir turite klausim\u0173, kreipkit\u0117s \u012f ba\u017eny\u010dios dvasininkus. Votas (lot. votum \u2013 auka, noras, pa\u017eadas) \u2013 tikin\u010di\u0173 \u017emoni\u0173 ant \u0161vent\u0173 paveiksl\u0173, skulpt\u016br\u0173 kabinamas koks nors daiktas, taip i\u0161rei\u0161kiant pad\u0117k\u0105 u\u017e patirtas ar geid\u017eiamas malones, maldas. Da\u017eniausiai votai yra \u017emogaus k\u016bno [&hellip;]<\/p>\n","protected":false},"author":3,"featured_media":0,"parent":400,"menu_order":3,"comment_status":"closed","ping_status":"closed","template":"","meta":{"om_disable_all_campaigns":false,"_mi_skip_tracking":false,"_monsterinsights_sitenote_active":false,"_monsterinsights_sitenote_note":"","_monsterinsights_sitenote_category":0,"footnotes":""},"aioseo_notices":[],"_links":{"self":[{"href":"https:\/\/kristuskaralius.lt\/index.php\/wp-json\/wp\/v2\/pages\/324"}],"collection":[{"href":"https:\/\/kristuskaralius.lt\/index.php\/wp-json\/wp\/v2\/pages"}],"about":[{"href":"https:\/\/kristuskaralius.lt\/index.php\/wp-json\/wp\/v2\/types\/page"}],"author":[{"embeddable":true,"href":"https:\/\/kristuskaralius.lt\/index.php\/wp-json\/wp\/v2\/users\/3"}],"replies":[{"embeddable":true,"href":"https:\/\/kristuskaralius.lt\/index.php\/wp-json\/wp\/v2\/comments?post=324"}],"version-history":[{"count":15,"href":"https:\/\/kristuskaralius.lt\/index.php\/wp-json\/wp\/v2\/pages\/324\/revisions"}],"predecessor-version":[{"id":2440,"href":"https:\/\/kristuskaralius.lt\/index.php\/wp-json\/wp\/v2\/pages\/324\/revisions\/2440"}],"up":[{"embeddable":true,"href":"https:\/\/kristuskaralius.lt\/index.php\/wp-json\/wp\/v2\/pages\/400"}],"wp:attachment":[{"href":"https:\/\/kristuskaralius.lt\/index.php\/wp-json\/wp\/v2\/media?parent=324"}],"curies":[{"name":"wp","href":"https:\/\/api.w.org\/{rel}","templated":true}]}}