{"id":446,"date":"2023-07-05T06:46:59","date_gmt":"2023-07-05T06:46:59","guid":{"rendered":"https:\/\/kristuskaralius.lt\/?page_id=446"},"modified":"2026-05-04T17:51:15","modified_gmt":"2026-05-04T17:51:15","slug":"pradzia","status":"publish","type":"page","link":"https:\/\/kristuskaralius.lt\/","title":{"rendered":"Klaip\u0117dos Kristaus Karaliaus parapija \/ 2026"},"content":{"rendered":"\n<p><mark style=\"background-color:#ffffff\" class=\"has-inline-color has-tertiary-color\">***<\/mark><\/p>\n\n\n\n<p><\/p>\n\n\n\n<p><\/p>\n\n\n\n<p class=\"has-background-color has-text-color has-link-color wp-elements-a911c1e84d24e6faf78292314ec0274f\"><\/p>\n\n\n\n<h3 class=\"wp-block-heading\">Su \u0160ventom Velykom!<\/h3>\n\n\n\n<p><\/p>\n\n\n\n<figure class=\"wp-block-video\"><video controls src=\"https:\/\/kristuskaralius.lt\/wp-content\/uploads\/2026\/04\/Velykos-2026.mov\"><\/video><\/figure>\n\n\n\n<p><\/p>\n\n\n\n<p><\/p>\n\n\n\n<figure class=\"wp-block-video\"><video controls src=\"http:\/\/kristuskaralius.lt\/wp-content\/uploads\/2026\/04\/Procesija-2-2026.mov\"><\/video><\/figure>\n\n\n\n<p class=\"has-background-color has-text-color has-link-color wp-elements-05796c0488b2b9f962044adb18211003\">..<\/p>\n\n\n\n<figure class=\"wp-block-image size-full\"><img loading=\"lazy\" decoding=\"async\" width=\"940\" height=\"788\" src=\"https:\/\/kristuskaralius.lt\/wp-content\/uploads\/2026\/05\/1.png\" alt=\"\" class=\"wp-image-4661\" srcset=\"https:\/\/kristuskaralius.lt\/wp-content\/uploads\/2026\/05\/1.png 940w, https:\/\/kristuskaralius.lt\/wp-content\/uploads\/2026\/05\/1-300x251.png 300w, https:\/\/kristuskaralius.lt\/wp-content\/uploads\/2026\/05\/1-768x644.png 768w\" sizes=\"(max-width: 940px) 100vw, 940px\" \/><\/figure>\n\n\n\n<p class=\"has-background-color has-text-color has-link-color wp-elements-05796c0488b2b9f962044adb18211003\">..<\/p>\n\n\n\n<figure class=\"wp-block-image size-large\"><img loading=\"lazy\" decoding=\"async\" width=\"1024\" height=\"691\" src=\"http:\/\/kristuskaralius.lt\/wp-content\/uploads\/2025\/11\/587765725_1160093859659823_3101940660997774725_n-1024x691.jpg\" alt=\"\" class=\"wp-image-4226\" srcset=\"https:\/\/kristuskaralius.lt\/wp-content\/uploads\/2025\/11\/587765725_1160093859659823_3101940660997774725_n-1024x691.jpg 1024w, https:\/\/kristuskaralius.lt\/wp-content\/uploads\/2025\/11\/587765725_1160093859659823_3101940660997774725_n-300x202.jpg 300w, https:\/\/kristuskaralius.lt\/wp-content\/uploads\/2025\/11\/587765725_1160093859659823_3101940660997774725_n-768x518.jpg 768w, https:\/\/kristuskaralius.lt\/wp-content\/uploads\/2025\/11\/587765725_1160093859659823_3101940660997774725_n-1536x1037.jpg 1536w, https:\/\/kristuskaralius.lt\/wp-content\/uploads\/2025\/11\/587765725_1160093859659823_3101940660997774725_n.jpg 2048w\" sizes=\"(max-width: 1024px) 100vw, 1024px\" \/><figcaption class=\"wp-element-caption\">2025 m. lapkri\u010dio 23 d., sekmadien\u012f, \u0161vent\u0117me ba\u017eny\u010dios 80-ties met\u0173 jubiliej\u0173 ir titulinius Kristaus Karaliaus atlaidus. I\u0161kilmingas \u0161v. Mi\u0161ias aukojo vyskupas Algirdas Jurevi\u010dius<\/figcaption><\/figure>\n\n\n\n<figure class=\"wp-block-gallery has-nested-images columns-default is-cropped wp-block-gallery-1 is-layout-flex wp-block-gallery-is-layout-flex\">\n<figure class=\"wp-block-image size-large\"><img loading=\"lazy\" decoding=\"async\" width=\"768\" height=\"1024\" data-id=\"4220\" src=\"https:\/\/kristuskaralius.lt\/wp-content\/uploads\/2025\/11\/slauga3-768x1024.jpg\" alt=\"\" class=\"wp-image-4220\" srcset=\"https:\/\/kristuskaralius.lt\/wp-content\/uploads\/2025\/11\/slauga3-768x1024.jpg 768w, https:\/\/kristuskaralius.lt\/wp-content\/uploads\/2025\/11\/slauga3-225x300.jpg 225w, https:\/\/kristuskaralius.lt\/wp-content\/uploads\/2025\/11\/slauga3-1152x1536.jpg 1152w, https:\/\/kristuskaralius.lt\/wp-content\/uploads\/2025\/11\/slauga3.jpg 1536w\" sizes=\"(max-width: 768px) 100vw, 768px\" \/><\/figure>\n\n\n\n<figure class=\"wp-block-image size-large\"><img loading=\"lazy\" decoding=\"async\" width=\"768\" height=\"1024\" data-id=\"4218\" src=\"http:\/\/kristuskaralius.lt\/wp-content\/uploads\/2025\/11\/Slauga1-768x1024.jpg\" alt=\"\" class=\"wp-image-4218\" srcset=\"https:\/\/kristuskaralius.lt\/wp-content\/uploads\/2025\/11\/Slauga1-768x1024.jpg 768w, https:\/\/kristuskaralius.lt\/wp-content\/uploads\/2025\/11\/Slauga1-225x300.jpg 225w, https:\/\/kristuskaralius.lt\/wp-content\/uploads\/2025\/11\/Slauga1-1152x1536.jpg 1152w, https:\/\/kristuskaralius.lt\/wp-content\/uploads\/2025\/11\/Slauga1.jpg 1536w\" sizes=\"(max-width: 768px) 100vw, 768px\" \/><\/figure>\n<\/figure>\n\n\n\n<p><\/p>\n\n\n\n<figure class=\"wp-block-image size-large\"><img loading=\"lazy\" decoding=\"async\" width=\"768\" height=\"1024\" src=\"http:\/\/kristuskaralius.lt\/wp-content\/uploads\/2025\/11\/slauga2-768x1024.jpg\" alt=\"\" class=\"wp-image-4219\" srcset=\"https:\/\/kristuskaralius.lt\/wp-content\/uploads\/2025\/11\/slauga2-768x1024.jpg 768w, https:\/\/kristuskaralius.lt\/wp-content\/uploads\/2025\/11\/slauga2-225x300.jpg 225w, https:\/\/kristuskaralius.lt\/wp-content\/uploads\/2025\/11\/slauga2-1152x1536.jpg 1152w, https:\/\/kristuskaralius.lt\/wp-content\/uploads\/2025\/11\/slauga2.jpg 1536w\" sizes=\"(max-width: 768px) 100vw, 768px\" \/><figcaption class=\"wp-element-caption\">\u0160v. Mi\u0161ios Klaip\u0117dos medicinin\u0117s slaugos ligonin\u0117je \u2013 ketvirtadieniais, 14 val., kurias<br>aukoja ligonin\u0117s kapelionas kun. Pranas Bartas\u016bnas<\/figcaption><\/figure>\n\n\n\n<p><\/p>\n\n\n\n<figure class=\"wp-block-image size-full is-resized\"><img loading=\"lazy\" decoding=\"async\" width=\"600\" height=\"450\" src=\"http:\/\/kristuskaralius.lt\/wp-content\/uploads\/2025\/08\/Sekmadienis.jpg\" alt=\"\" class=\"wp-image-3908\" style=\"width:649px;height:auto\" srcset=\"https:\/\/kristuskaralius.lt\/wp-content\/uploads\/2025\/08\/Sekmadienis.jpg 600w, https:\/\/kristuskaralius.lt\/wp-content\/uploads\/2025\/08\/Sekmadienis-300x225.jpg 300w\" sizes=\"(max-width: 600px) 100vw, 600px\" \/><figcaption class=\"wp-element-caption\">2025 m. rugpj\u016b\u010dio 23 d. Pirmasis klebono Andriaus Vaitkevi\u010diaus sekmadienis su parapijie\u010diais<\/figcaption><\/figure>\n\n\n\n<p class=\"has-tertiary-color has-text-color has-link-color wp-elements-ce2f39316feca87a94fbbbedfdc80bb4\">&#8230;&#8230;<\/p>\n\n\n\n<p class=\"has-background-color has-text-color has-link-color wp-elements-0a7501eb79c0c24e8d60e82e02fb91f0\">&#8230;&#8230;<\/p>\n\n\n\n<p class=\"has-small-font-size\"><a href=\"https:\/\/www.facebook.com\/profile.php?id=100069776585395\" title=\"\"><img loading=\"lazy\" decoding=\"async\" width=\"30\" height=\"30\" class=\"wp-image-590\" style=\"width: 30px;\" src=\"http:\/\/kristuskaralius.lt\/wp-content\/uploads\/2023\/07\/fb1.png\" alt=\"\" srcset=\"https:\/\/kristuskaralius.lt\/wp-content\/uploads\/2023\/07\/fb1.png 512w, https:\/\/kristuskaralius.lt\/wp-content\/uploads\/2023\/07\/fb1-300x300.png 300w, https:\/\/kristuskaralius.lt\/wp-content\/uploads\/2023\/07\/fb1-150x150.png 150w\" sizes=\"(max-width: 30px) 100vw, 30px\" \/><\/a>Facebook<\/p>\n\n\n\n<div class=\"wp-block-buttons is-content-justification-left is-layout-flex wp-container-core-buttons-is-layout-1 wp-block-buttons-is-layout-flex\">\n<div class=\"wp-block-button has-custom-font-size is-style-fill has-small-font-size\"><a class=\"wp-block-button__link has-background-color has-text-color has-background has-link-color wp-element-button\" href=\"https:\/\/lk.katalikai.lt\/menuo\" style=\"background-color:#0559f5a1\">\u0160vent\u0117s ir \u0161ventieji<\/a><\/div>\n\n\n\n<div class=\"wp-block-button has-custom-font-size is-style-fill has-small-font-size\"><a class=\"wp-block-button__link has-background-color has-text-color has-background has-link-color wp-element-button\" href=\"https:\/\/lk.katalikai.lt\/\" style=\"background-color:#117044f0\">\u0160iandien<\/a><\/div>\n<\/div>\n\n\n\n<p><mark style=\"background-color:#ffffff\" class=\"has-inline-color has-tertiary-color\">***<\/mark><\/p>\n\n\n\n<h4 class=\"wp-block-heading has-primary-color has-text-color has-link-color has-large-font-size wp-elements-433f50e80f883d12e9d5f6487d73b33d\">PAMALD\u0172 TVARKA<\/h4>\n\n\n\n<hr class=\"wp-block-separator has-text-color has-primary-color has-alpha-channel-opacity has-primary-background-color has-background is-style-wide\" style=\"margin-top:0;margin-bottom:0\"\/>\n\n\n\n<p><strong>\u0160v. Mi\u0161ios<\/strong><br>VII \u2013 9, 10.30, 12 ir 18 val.<br>VI \u2013 10 ir 18 val.<br>I\u2013V \u2013 17 ir 18 val.<\/p>\n\n\n\n<p><strong>Gegu\u017ein\u0117s pamaldos<\/strong> <strong><a href=\"https:\/\/maldynas.katalikai.lt\/liaudies-maldingumas\/mergelei-marijai\/geguzines\" title=\"\">\u010dia<\/a><\/strong><br>VII \u2013 11.30 val., prie\u0161 12 val. \u0161v. Mi\u0161ias ir<br>17.30 val., prie\u0161 18 val. \u0161v. Mi\u0161ias<br>I \u2013 VI \u2013 po 18 val. \u0161v. Mi\u0161i\u0173<\/p>\n\n\n\n<div class=\"wp-block-buttons is-layout-flex wp-block-buttons-is-layout-flex\">\n<div class=\"wp-block-button has-custom-font-size has-small-font-size\"><a class=\"wp-block-button__link has-background wp-element-button\" href=\"https:\/\/kristuskaralius.lt\/index.php\/pamaldos\/pamaldu-tvarka\/\" style=\"background-color:#1a4447d6\">Daugiau<\/a><\/div>\n<\/div>\n\n\n\n<h4 class=\"wp-block-heading has-primary-color has-text-color has-link-color has-large-font-size wp-elements-47638fb2507b4f8c26cecccd783e55af\">SVARBU<\/h4>\n\n\n\n<hr class=\"wp-block-separator has-text-color has-primary-color has-alpha-channel-opacity has-primary-background-color has-background is-style-wide\" style=\"margin-top:0;margin-bottom:0\"\/>\n\n\n\n<p class=\"has-foreground-color has-text-color has-link-color wp-elements-90a4a7ef9b69932147ef22f5b9ace103\"><strong>Ba\u017eny\u010dia atidaryta kasdien<\/strong><br>VII \u2013 7.40\u201319 val.<br>I\u2013VI \u2013 8.30\u201319 val.<br><strong>Ra\u0161tin\u0117 dirba<\/strong><br>I\u2013V \u2013 9\u201313 val. ir 15\u201316.30 val.<br>Tel. +370 629 41923<br>El. p. klaipedoskristauskaraliausp@gmail.com<\/p>\n\n\n\n<div class=\"wp-block-buttons is-layout-flex wp-block-buttons-is-layout-flex\">\n<div class=\"wp-block-button has-custom-font-size has-small-font-size\"><a class=\"wp-block-button__link has-background wp-element-button\" href=\"https:\/\/kristuskaralius.lt\/index.php\/kontaktai\/\" style=\"background-color:#1a4447d4\">Daugiau<\/a><\/div>\n<\/div>\n\n\n\n<h4 class=\"wp-block-heading has-primary-color has-text-color has-link-color has-large-font-size wp-elements-1750ee5e1049f4a135843ac5537161ec\">PARAMA<\/h4>\n\n\n\n<hr class=\"wp-block-separator has-text-color has-primary-color has-alpha-channel-opacity has-primary-background-color has-background is-style-wide\" style=\"margin-top:0;margin-bottom:0\"\/>\n\n\n\n<p class=\"has-foreground-color has-text-color has-link-color wp-elements-da333994f4e8414aba23cad4d5d2e82b\"><strong>Paramos b\u016bdai<\/strong><br>1. Palikti \u0161v. Mi\u0161i\u0173 auk\u0105 ba\u017eny\u010dioje.<br>2. Pervesti auk\u0105 \u012f parapijos s\u0105skait\u0105.<br>\u012e s\u0105skait\u0105 galite pervesti auk\u0105 ir u\u017e<br>\u0161v. Mi\u0161ias j\u016bs\u0173 asmenin\u0117mis intencijomis.<br>Norim\u0105 dat\u0105 suderinkite u\u017e\u0117j\u0119 arba<br>paskambin\u0119 \u012f parapijos ra\u0161tin\u0119<br>Tel. 0 629 41923<br>3. Pagal LR Paramos ir labdaros \u012fstatym\u0105 skirti 1,2 procento<br>valstybei sumok\u0117to gyventoj\u0173 pajam\u0173 mokes\u010dio.<\/p>\n\n\n\n<p class=\"has-foreground-color has-text-color has-link-color wp-elements-5d6391be42eadc2e87ec1ff21c4b4396\"><strong>Duomenys paramai<\/strong><br>Paramos gav\u0117jas \u2013 KLAIP\u0116DOS KRISTAUS KARALIAUS PARAPIJA<br>Adresas: Bok\u0161t\u0173 g. 10, LT-92125 Klaip\u0117da, Lietuva<br>\u012emon\u0117s kodas 190768246<br>Bankas \u2013 AB \u201eSwedbank\u201c<br>A. s. LT587300010196783979<\/p>\n\n\n\n<h4 class=\"wp-block-heading has-primary-color has-text-color has-link-color has-large-font-size wp-elements-93a32c3f1b66e6ff2a563220678e11ef\">NUORODOS<\/h4>\n\n\n\n<hr class=\"wp-block-separator has-text-color has-primary-color has-alpha-channel-opacity has-primary-background-color has-background is-style-wide\" style=\"margin-top:0;margin-bottom:0\"\/>\n\n\n\n<div class=\"wp-block-columns is-layout-flex wp-container-core-columns-is-layout-4 wp-block-columns-is-layout-flex\">\n<div class=\"wp-block-column is-layout-flow wp-block-column-is-layout-flow\" style=\"flex-basis:100%\">\n<div class=\"wp-block-group is-layout-constrained wp-block-group-is-layout-constrained\">\n<div class=\"wp-block-columns are-vertically-aligned-top has-background has-small-font-size is-layout-flex wp-container-core-columns-is-layout-3 wp-block-columns-is-layout-flex\" style=\"background-color:#e9e9f2e0\">\n<div class=\"wp-block-column is-vertically-aligned-top is-layout-flow wp-block-column-is-layout-flow\">\n<p class=\"has-text-align-center\"><strong>POPIE\u017dIAUS MALDOS INTENCIJA<\/strong><br>Melskim\u0117s, kad visi \u2013 nuo did\u017ei\u0173j\u0173 gamintoj\u0173 iki smulki\u0173j\u0173 vartotoj\u0173 \u2013 ne\u0161vaistyt\u0173 maisto ir stengt\u0173si u\u017etikrinti, kad kiekvienam b\u016bt\u0173 prieinamas kokybi\u0161kas maistas<\/p>\n<\/div>\n\n\n\n<div class=\"wp-block-column is-vertically-aligned-top is-layout-flow wp-block-column-is-layout-flow\">\n<div class=\"wp-block-columns is-layout-flex wp-container-core-columns-is-layout-2 wp-block-columns-is-layout-flex\">\n<div class=\"wp-block-column is-layout-flow wp-block-column-is-layout-flow\" style=\"flex-basis:100%\">\n<div class=\"wp-block-columns is-layout-flex wp-container-core-columns-is-layout-1 wp-block-columns-is-layout-flex\">\n<div class=\"wp-block-column is-layout-flow wp-block-column-is-layout-flow\" style=\"flex-basis:100%\">\n<figure class=\"wp-block-embed is-type-video is-provider-youtube wp-block-embed-youtube wp-embed-aspect-16-9 wp-has-aspect-ratio\"><div class=\"wp-block-embed__wrapper\">\n<iframe loading=\"lazy\" title=\"Pray with the Pope: That everyone might have food | May 2026\" width=\"500\" height=\"281\" src=\"https:\/\/www.youtube.com\/embed\/-a60VaSe3tY?feature=oembed\" frameborder=\"0\" allow=\"accelerometer; autoplay; clipboard-write; encrypted-media; gyroscope; picture-in-picture; web-share\" referrerpolicy=\"strict-origin-when-cross-origin\" allowfullscreen><\/iframe>\n<\/div><figcaption class=\"wp-element-caption\">Gegu\u017e\u0117s m\u0117nuo<\/figcaption><\/figure>\n<\/div>\n<\/div>\n<\/div>\n<\/div>\n<\/div>\n<\/div>\n<\/div>\n<\/div>\n<\/div>\n\n\n\n<div class=\"wp-block-buttons is-layout-flex wp-block-buttons-is-layout-flex\">\n<div class=\"wp-block-button has-custom-width wp-block-button__width-100 has-custom-font-size is-style-fill has-small-font-size\"><a class=\"wp-block-button__link has-background wp-element-button\" href=\"https:\/\/telsiuvyskupija.lt\/\" style=\"background-color:#1a4447d6\">Tel\u0161i\u0173 vyskupija<\/a><\/div>\n\n\n\n<div class=\"wp-block-button has-custom-width wp-block-button__width-100 has-custom-font-size is-style-fill has-small-font-size\"><a class=\"wp-block-button__link has-background wp-element-button\" href=\"https:\/\/katalikai.lt\/\" style=\"background-color:#1a4447d6\">katalikai.lt<\/a><\/div>\n<\/div>\n\n\n\n<div class=\"wp-block-buttons is-content-justification-left is-layout-flex wp-container-core-buttons-is-layout-5 wp-block-buttons-is-layout-flex\"><\/div>\n\n\n\n<div class=\"wp-block-buttons is-layout-flex wp-block-buttons-is-layout-flex\"><\/div>\n\n\n\n<p><br><\/p>\n","protected":false},"excerpt":{"rendered":"<p>*** Su \u0160ventom Velykom! .. .. &#8230;&#8230; &#8230;&#8230; Facebook *** PAMALD\u0172 TVARKA \u0160v. Mi\u0161iosVII \u2013 9, 10.30, 12 ir 18 val.VI \u2013 10 ir 18 val.I\u2013V \u2013 17 ir 18 val. Gegu\u017ein\u0117s pamaldos \u010diaVII \u2013 11.30 val., prie\u0161 12 val. \u0161v. Mi\u0161ias ir17.30 val., prie\u0161 18 val. \u0161v. Mi\u0161iasI \u2013 VI \u2013 po 18 val. [&hellip;]<\/p>\n","protected":false},"author":3,"featured_media":0,"parent":0,"menu_order":0,"comment_status":"closed","ping_status":"closed","template":"","meta":{"om_disable_all_campaigns":false,"_mi_skip_tracking":false,"_monsterinsights_sitenote_active":false,"_monsterinsights_sitenote_note":"","_monsterinsights_sitenote_category":0,"footnotes":""},"aioseo_notices":[],"_links":{"self":[{"href":"https:\/\/kristuskaralius.lt\/index.php\/wp-json\/wp\/v2\/pages\/446"}],"collection":[{"href":"https:\/\/kristuskaralius.lt\/index.php\/wp-json\/wp\/v2\/pages"}],"about":[{"href":"https:\/\/kristuskaralius.lt\/index.php\/wp-json\/wp\/v2\/types\/page"}],"author":[{"embeddable":true,"href":"https:\/\/kristuskaralius.lt\/index.php\/wp-json\/wp\/v2\/users\/3"}],"replies":[{"embeddable":true,"href":"https:\/\/kristuskaralius.lt\/index.php\/wp-json\/wp\/v2\/comments?post=446"}],"version-history":[{"count":1043,"href":"https:\/\/kristuskaralius.lt\/index.php\/wp-json\/wp\/v2\/pages\/446\/revisions"}],"predecessor-version":[{"id":4666,"href":"https:\/\/kristuskaralius.lt\/index.php\/wp-json\/wp\/v2\/pages\/446\/revisions\/4666"}],"wp:attachment":[{"href":"https:\/\/kristuskaralius.lt\/index.php\/wp-json\/wp\/v2\/media?parent=446"}],"curies":[{"name":"wp","href":"https:\/\/api.w.org\/{rel}","templated":true}]}}