{"id":61,"date":"2022-04-24T13:32:18","date_gmt":"2022-04-24T13:32:18","guid":{"rendered":"http:\/\/vegglu.com\/?page_id=61"},"modified":"2025-12-02T13:17:03","modified_gmt":"2025-12-02T13:17:03","slug":"kontaktai","status":"publish","type":"page","link":"https:\/\/kristuskaralius.lt\/index.php\/kontaktai\/","title":{"rendered":"Kontaktai"},"content":{"rendered":"\n<p><strong>Adresas<\/strong><br>Bok\u0161t\u0173 g. 10, LT-92125 Klaip\u0117da<br>Tel. +370 629 41923 <br>El. p. klaipedoskristauskaraliausp@gmail.com<\/p>\n\n\n\n<p><strong>Ra\u0161tin\u0117 dirba<\/strong><br>I-V \u2013 9.00\u201313.00 val. ir 15.00\u201316.30 val.<\/p>\n\n\n\n<p><strong>Susitikti su kunigu galite<\/strong><br>I\u2013V i\u0161kart po 17 ir 18 val. \u0161v. Mi\u0161i\u0173<br>VI \u2013 po 10 ir 18 val. \u0161v. Mi\u0161i\u0173<br>VII \u2013 po 9, 10.30, 12 ir 18 val. \u0161v. Mi\u0161i\u0173<\/p>\n\n\n\n<p><strong>Dvasininkai<\/strong><\/p>\n\n\n\n<p>Klebonas kun. dr. ANDRIUS VAITKEVI\u010cIUS<br>1980-09-19 \/ 2005-08-21 \/ 2025-07-15<br>El. p. andriuvaitkeviciu@yahoo.com<br>Tel. +370 616 42383<\/p>\n\n\n\n<p>Vikaras kun. PRANAS BARTAS\u016aNAS<br>1974-05-01 \/ 1998-05-31 \/ 2016-07-20<br>El. p. baisulas@gmail.com<br>Tel. +370 699 27342<\/p>\n\n\n\n<p><strong>Parapijos teritorija<\/strong><br>Uosto teritorija, Dang\u0117s up\u0117 ir Klemi\u0161k\u0117s gatv\u0117 iki Klaip\u0117da\u2013Palanga plento, gele\u017einkelis nuo P. Lideikio gatv\u0117s iki Dang\u0117s up\u0117s, bei H. Manto\u2013P. Lideikio kvartalas<\/p>\n","protected":false},"excerpt":{"rendered":"<p>AdresasBok\u0161t\u0173 g. 10, LT-92125 Klaip\u0117daTel. +370 629 41923 El. p. klaipedoskristauskaraliausp@gmail.com Ra\u0161tin\u0117 dirbaI-V \u2013 9.00\u201313.00 val. ir 15.00\u201316.30 val. Susitikti su kunigu galiteI\u2013V i\u0161kart po 17 ir 18 val. \u0161v. Mi\u0161i\u0173VI \u2013 po 10 ir 18 val. \u0161v. Mi\u0161i\u0173VII \u2013 po 9, 10.30, 12 ir 18 val. \u0161v. Mi\u0161i\u0173 Dvasininkai Klebonas kun. dr. ANDRIUS VAITKEVI\u010cIUS1980-09-19 [&hellip;]<\/p>\n","protected":false},"author":1,"featured_media":0,"parent":0,"menu_order":20,"comment_status":"closed","ping_status":"closed","template":"","meta":{"om_disable_all_campaigns":false,"_mi_skip_tracking":false,"_monsterinsights_sitenote_active":false,"_monsterinsights_sitenote_note":"","_monsterinsights_sitenote_category":0,"footnotes":""},"aioseo_notices":[],"_links":{"self":[{"href":"https:\/\/kristuskaralius.lt\/index.php\/wp-json\/wp\/v2\/pages\/61"}],"collection":[{"href":"https:\/\/kristuskaralius.lt\/index.php\/wp-json\/wp\/v2\/pages"}],"about":[{"href":"https:\/\/kristuskaralius.lt\/index.php\/wp-json\/wp\/v2\/types\/page"}],"author":[{"embeddable":true,"href":"https:\/\/kristuskaralius.lt\/index.php\/wp-json\/wp\/v2\/users\/1"}],"replies":[{"embeddable":true,"href":"https:\/\/kristuskaralius.lt\/index.php\/wp-json\/wp\/v2\/comments?post=61"}],"version-history":[{"count":34,"href":"https:\/\/kristuskaralius.lt\/index.php\/wp-json\/wp\/v2\/pages\/61\/revisions"}],"predecessor-version":[{"id":4269,"href":"https:\/\/kristuskaralius.lt\/index.php\/wp-json\/wp\/v2\/pages\/61\/revisions\/4269"}],"wp:attachment":[{"href":"https:\/\/kristuskaralius.lt\/index.php\/wp-json\/wp\/v2\/media?parent=61"}],"curies":[{"name":"wp","href":"https:\/\/api.w.org\/{rel}","templated":true}]}}