{"id":857,"date":"2023-09-02T14:24:14","date_gmt":"2023-09-02T14:24:14","guid":{"rendered":"https:\/\/kristuskaralius.lt\/?page_id=857"},"modified":"2025-10-20T18:40:06","modified_gmt":"2025-10-20T18:40:06","slug":"testas1","status":"publish","type":"page","link":"https:\/\/kristuskaralius.lt\/index.php\/testas1\/","title":{"rendered":"Santuokos sakramentas"},"content":{"rendered":"\n<p>Jaunieji prisiekia vienas kitam meil\u0119 ir i\u0161tikimyb\u0119; j\u0173 bendryst\u0117 yra Dievo \u012fkurtos bendryst\u0117s atspindys.<\/p>\n\n\n\n<p><strong>B\u016btini dokumentai<\/strong><\/p>\n\n\n\n<ol>\n<li>Krik\u0161to liudijimas santuokai i\u0161 parapijos, kurioje esate pakrik\u0161tyti, jame pa\u017eymima, kad nesate (ar esate) susituok\u0119s (i\u0161tek\u0117jusi). \u0160is dokumentas galioja 6 m\u0117nesius nuo jo i\u0161davimo datos.<\/li>\n\n\n\n<li>Leidimas susituokti u\u017e parapijos rib\u0173 (jei gyvenate kitos parapijos teritorijoje). Dokumentas i\u0161duodamas toje parapijoje, kurios ribose su\u017ead\u0117tiniai gyvena bent tris m\u0117nesius ar ilgiau.<\/li>\n\n\n\n<li>Pa\u017eyma i\u0161 \u0160eimos centro apie i\u0161klausytus pasirengimo santuokai kursus. D\u0117l kurs\u0173 kreipkit\u0117s ne v\u0117liau, kaip likus 5 m\u0117nesiams iki santuokos:<br>Klaip\u0117dos miesto \u0160eimos centras, Til\u017e\u0117s g. 26, tel. 067988315,<br>el. p. kursaisuzadetiniams@gmail.com<br>Registracija www.telsiuvyskupija.lt<\/li>\n\n\n\n<li>Sutvirtinimo Sakramento pri\u0117mimo data ir vieta.<\/li>\n\n\n\n<li>Santuokos liudytoj\u0173 vardai, pavard\u0117s ir adresai.<\/li>\n\n\n\n<li>Asmens dokument\u0173 ir gimimo liudijim\u0173 kopijos.<\/li>\n\n\n\n<li>Visi auk\u0161\u010diau min\u0117ti dokumentai atne\u0161ami ne v\u0117liau, kaip likus vienam m\u0117nesiui iki santuokos.<\/li>\n<\/ol>\n\n\n\n<p><strong>Bendra tvarka<\/strong><\/p>\n\n\n\n<ol>\n<li>Paskutinis susitikimas su kunigu vyksta pirmadien\u012f prie\u0161 santuok\u0105 (atvyksta abu su\u017ead\u0117tiniai, ra\u0161tin\u0117s darbo valandomis arba i\u0161 anksto suderinus laik\u0105), jo metu aptariama ceremonija, sutvarkomi civilin\u0117s metrikacijos dokumentai ir atsilyginama u\u017e apeigas.<\/li>\n\n\n\n<li>Santuokos i\u0161vakar\u0117se atliekama i\u0161pa\u017eintis. Kunig\u0105 apeigoms galima pasirinkti.<\/li>\n<\/ol>\n\n\n\n<p><strong>SANTUOKOS PRIESAIK\u0104 rekomenduojame i\u0161mokti mintinai<\/strong><br><strong>Jaunasis sako:<\/strong>&nbsp;A\u0161, N. (sako savo vard\u0105), imu tave, N (sako jaunosios vard\u0105), savo \u017emona ir prisiekiu visada b\u016bti tau i\u0161tikimas: kai laim\u0117 lyd\u0117s ar vargas suspaus, kai sveikata tvers ar ligos suims, \u2013 vis\u0105 gyvenim\u0105 tave myl\u0117siu ir gerbsiu. Tepadeda man Dievas!<\/p>\n\n\n\n<p><strong>Jaunoji sako:<\/strong>&nbsp;A\u0161, N (sako savo vard\u0105), imu tave, N (sako jaunojo vard\u0105), savo vyru ir prisiekiu visada b\u016bti tau i\u0161tikima: kai laim\u0117 lyd\u0117s ar vargas suspaus, kai sveikata tvers ar ligos suims, \u2013 vis\u0105 gyvenim\u0105 tave myl\u0117siu ir gerbsiu. Tepadeda man Dievas!<\/p>\n\n\n\n<p><strong>\u017dIED\u0172 \u012eTEIKIMAS<\/strong><br><strong>Jaunasis sako<\/strong>: N (sako jaunosios vard\u0105), imk \u0161\u012f \u017eied\u0105 \u2013 mano meil\u0117s ir i\u0161tikimyb\u0117s tau \u017eenkl\u0105 \u2013 vardan Dievo T\u0117vo ir S\u016bnaus ir \u0160ventosios Dvasios.<\/p>\n\n\n\n<p><strong>Jaunoji sako<\/strong>: N (sako jaunojo vard\u0105), imk \u0161\u012f \u017eied\u0105 \u2013 mano meil\u0117s ir i\u0161tikimyb\u0117s tau \u017eenkl\u0105 \u2013 vardan Dievo T\u0117vo ir S\u016bnaus ir \u0160ventosios Dvasios.<\/p>\n\n\n\n<p><strong>SU\u017dAD\u0116TINI\u0172 MALDA<\/strong><br>Vie\u0161patie, pad\u0117k mums niekada nepamir\u0161ti m\u016bs\u0173 pirmojo susitikimo ir didel\u0117s meil\u0117s, i\u0161augusios tarp mudviej\u0173. Pad\u0117k i\u0161reik\u0161ti m\u016bs\u0173 meil\u0119 darbais ir serg\u0117k, kad niekas negal\u0117t\u0173 m\u016bs\u0173 i\u0161skirti. Pad\u0117k mums atrasti \u0161velnius meil\u0117s \u017eod\u017eius. I\u0161mokyk atsipra\u0161yti ir atleisti\u2026<br>Maloningas Dieve, pavedame m\u016bs\u0173 santuok\u0105 Tavo globai. Amen<\/p>\n\n\n\n<p>Daugiau apie Santuokos sakrament\u0105 skaitykite&nbsp;<strong><a href=\"https:\/\/katekizmas.lt\/kbk\/dalis2\/skyrius2\/poskyris3\/skirsnis7\">katekizmas.lt<\/a><\/strong><\/p>\n\n\n\n<p>Jeigu turite klausim\u0173, kreipkit\u0117s \u012f parapijos ra\u0161tin\u0119:<br>Tel. +370 629 41923, el. p. klaipedoskristauskaraliausp@gmail.com<\/p>\n","protected":false},"excerpt":{"rendered":"<p>Jaunieji prisiekia vienas kitam meil\u0119 ir i\u0161tikimyb\u0119; j\u0173 bendryst\u0117 yra Dievo \u012fkurtos bendryst\u0117s atspindys. B\u016btini dokumentai Bendra tvarka SANTUOKOS PRIESAIK\u0104 rekomenduojame i\u0161mokti mintinaiJaunasis sako:&nbsp;A\u0161, N. (sako savo vard\u0105), imu tave, N (sako jaunosios vard\u0105), savo \u017emona ir prisiekiu visada b\u016bti tau i\u0161tikimas: kai laim\u0117 lyd\u0117s ar vargas suspaus, kai sveikata tvers ar ligos suims, \u2013 [&hellip;]<\/p>\n","protected":false},"author":3,"featured_media":0,"parent":0,"menu_order":0,"comment_status":"closed","ping_status":"closed","template":"","meta":{"om_disable_all_campaigns":false,"_mi_skip_tracking":false,"_monsterinsights_sitenote_active":false,"_monsterinsights_sitenote_note":"","_monsterinsights_sitenote_category":0,"footnotes":""},"aioseo_notices":[],"_links":{"self":[{"href":"https:\/\/kristuskaralius.lt\/index.php\/wp-json\/wp\/v2\/pages\/857"}],"collection":[{"href":"https:\/\/kristuskaralius.lt\/index.php\/wp-json\/wp\/v2\/pages"}],"about":[{"href":"https:\/\/kristuskaralius.lt\/index.php\/wp-json\/wp\/v2\/types\/page"}],"author":[{"embeddable":true,"href":"https:\/\/kristuskaralius.lt\/index.php\/wp-json\/wp\/v2\/users\/3"}],"replies":[{"embeddable":true,"href":"https:\/\/kristuskaralius.lt\/index.php\/wp-json\/wp\/v2\/comments?post=857"}],"version-history":[{"count":6,"href":"https:\/\/kristuskaralius.lt\/index.php\/wp-json\/wp\/v2\/pages\/857\/revisions"}],"predecessor-version":[{"id":4082,"href":"https:\/\/kristuskaralius.lt\/index.php\/wp-json\/wp\/v2\/pages\/857\/revisions\/4082"}],"wp:attachment":[{"href":"https:\/\/kristuskaralius.lt\/index.php\/wp-json\/wp\/v2\/media?parent=857"}],"curies":[{"name":"wp","href":"https:\/\/api.w.org\/{rel}","templated":true}]}}