{"id":859,"date":"2023-09-02T14:24:30","date_gmt":"2023-09-02T14:24:30","guid":{"rendered":"https:\/\/kristuskaralius.lt\/?page_id=859"},"modified":"2025-10-20T18:41:45","modified_gmt":"2025-10-20T18:41:45","slug":"testas2","status":"publish","type":"page","link":"https:\/\/kristuskaralius.lt\/index.php\/testas2\/","title":{"rendered":"Sakramentai"},"content":{"rendered":"\n<p><strong>Sakramentai<\/strong>&nbsp;yra J\u0117zaus Kristaus \u012fsteigti \u017eenklai, per kuriuos gaunama ir patiriama Dievo malon\u0117. Vie\u0161pats \u012fsteig\u0117 Ba\u017eny\u010di\u0105, kad per j\u0105 rodyt\u0173 \u017emon\u0117ms keli\u0105 \u012f I\u0161ganym\u0105. Ji yra pirminis sakramentas, kuriuo \u012fkurti ir kiti sakramentai, jos teikiami i\u0161pa\u017e\u012fstantiems Tik\u0117jim\u0105 ir juo gyvenantiems, kuriems Ba\u017eny\u010dia perduoda juos nuo apa\u0161tal\u0173 laik\u0173 <a href=\"https:\/\/katekizmas.lt\/kbk\/dalis2\/skyrius2\" title=\"\">(\u017er. katekizmas.lt)<\/a>.<\/p>\n\n\n\n<p><strong>Ba\u017eny\u010dia<\/strong> yra Neregimojo Dievo Meil\u0117s ir Artumo \u017eenklas. Pagalba, kuri\u0105 Dievas teikia \u017emon\u0117ms, kad jie pasiekt\u0173 savo galutin\u012f tiksl\u0105 \u2013 pilnatv\u0119, vadinam\u0105 malone (<a href=\"https:\/\/katekizmas.lt\/kbk\/dalis1\/skyrius2\/poskyris3\/skirsnis9\" title=\"\">\u017er. katekizmas.lt<\/a>).<\/p>\n\n\n\n<p><strong>Malon\u0117<\/strong>&nbsp;\u2013 tai antgamtin\u0117 Dievo dovana. Sakramentin\u0117 malon\u0117 \u2013 tai paskir\u0173 sakrament\u0173 teikiama antgamtin\u0117 pagalba. Septyni sakramentai apima visas \u017emogaus gyvenimo sritis:<\/p>\n\n\n\n<p><strong>1. <a href=\"https:\/\/kristuskaralius.lt\/index.php\/testas\/\" title=\"\">KRIK\u0160TO SAKRAMENTAS<\/a><\/strong> \u2013 krik\u0161tu mes esame i\u0161laisvinami i\u0161 nuod\u0117m\u0117s ir atgimstame kaip Dievo vaikai; tap\u0119 Kristaus nariais, \u012fsitraukiame \u012f Ba\u017eny\u010di\u0105 kaip jos misijos dalyviai: \u201eKrik\u0161tas yra atgimimo per vanden\u012f ir \u017eod\u012f sakramentas.\u201c<\/p>\n\n\n\n<p><strong>2. SUTVIRTINIMO SAKRAMENTAS<\/strong>&nbsp;\u2013&nbsp;tikintieji sustiprinami ir pa\u0161ventinami \u0160ventosios Dvasios dovanomis (<a href=\"https:\/\/katekizmas.lt\/kbk\/dalis2\/skyrius2\/poskyris1\/skirsnis2\" title=\"\">\u017er. katekizmas.lt<\/a>).<\/p>\n\n\n\n<p><strong>3.<\/strong> <strong>EUCHARISTIJOS SAKRAMENTAS<\/strong>&nbsp;\u2013 tikintieji tampa savo Vie\u0161paties gyvenimo dalyviais ir sujungiami su Juo (<a href=\"https:\/\/katekizmas.lt\/kbk\/dalis2\/skyrius2\/poskyris1\/skirsnis3\" title=\"\">\u017er. katekizmas.lt<\/a>).<\/p>\n\n\n\n<p><strong>4.<\/strong> <strong>ATGAILOS IR SUTAIKINIMO SAKRAMENTAS (I\u0160PA\u017dINTIS)<\/strong>&nbsp;\u2013 ,,Einantieji atgailos sakramento i\u0161 Dievo gailestingumo gauna nuod\u0117mi\u0173, kuriomis buvo \u012f\u017eeistas Dievas, atleidim\u0105 ir \u0161itaip susitaikina su Ba\u017eny\u010dia, kuri\u0105 nusid\u0117dami su\u017eeid\u0117, ir kuri savo meile, pavyzd\u017eiu ir maldomis stengiasi pad\u0117ti jiems atsiversti\u201d (Lumen Gentium, 11), <a href=\"https:\/\/katekizmas.lt\/kbk\/dalis2\/skyrius2\/poskyris2\/skirsnis4\" title=\"\">\u017er. katekizmas.lt<\/a>.<\/p>\n\n\n\n<figure class=\"wp-block-image size-large is-resized\"><img loading=\"lazy\" decoding=\"async\" width=\"1024\" height=\"1024\" src=\"https:\/\/kristuskaralius.lt\/wp-content\/uploads\/2025\/03\/ispazintis_web-1024x1024.jpg\" alt=\"\" class=\"wp-image-3534\" style=\"width:651px;height:auto\" srcset=\"https:\/\/kristuskaralius.lt\/wp-content\/uploads\/2025\/03\/ispazintis_web-1024x1024.jpg 1024w, https:\/\/kristuskaralius.lt\/wp-content\/uploads\/2025\/03\/ispazintis_web-300x300.jpg 300w, https:\/\/kristuskaralius.lt\/wp-content\/uploads\/2025\/03\/ispazintis_web-150x150.jpg 150w, https:\/\/kristuskaralius.lt\/wp-content\/uploads\/2025\/03\/ispazintis_web-768x768.jpg 768w, https:\/\/kristuskaralius.lt\/wp-content\/uploads\/2025\/03\/ispazintis_web.jpg 1200w\" sizes=\"(max-width: 1024px) 100vw, 1024px\" \/><figcaption class=\"wp-element-caption\">Kaip atlikti i\u0161pa\u017eint\u012f: <strong><a href=\"https:\/\/maldynas.katalikai.lt\/liturgija\/atgailos-sakramentas\/kaip-atlikti-ispazinti\">https:\/\/maldynas.katalikai.lt\/liturgija\/atgailos-sakramentas\/kaip-atlikti-ispazinti<\/a><\/strong><\/figcaption><\/figure>\n\n\n\n<p><strong>5.<\/strong> <strong>LIGONI\u0172 SAKRAMENTAS<\/strong>&nbsp;suteikia vilties ir paguod\u0105. \u201eKas nors pas jus serga? Tepasikvie\u010dia ba\u017eny\u010dios vyresniuosius, ir jie tesimeld\u017eia u\u017e j\u012f, patepdami aliejumi Vie\u0161paties vardu. Tik\u0117jimo malda i\u0161gelb\u0117s ligon\u012f, ir Vie\u0161pats j\u012f pakels, o jeigu jis b\u016bt\u0173 nusikalt\u0119s, jam bus atleista\u201c (Jok 5, 14\u201315). Kamuojant negaliai, galite ateiti \u012f ba\u017eny\u010di\u0105 ar pasikviesti kunig\u0105 \u012f namus, ar \u012f ligonin\u0119. Be to, Ligoni\u0173 sakrament\u0105 galima priimti prie\u0161 sud\u0117ting\u0105 operacij\u0105 (<a href=\"https:\/\/katekizmas.lt\/kbk\/dalis2\/skyrius2\/poskyris2\/skirsnis5\" title=\"\">\u017er. katekizmas.lt<\/a>).<\/p>\n\n\n\n<p><strong>6.<\/strong> <strong>KUNIGYST\u0116S SAKRAMENTAS<\/strong>&nbsp;\u2013 diakonams, kunigams ir vyskupams pavedama j\u0173 speciali tarnyst\u0117 Ba\u017eny\u010dioje (<a href=\"https:\/\/katekizmas.lt\/kbk\/dalis2\/skyrius2\/poskyris3\/skirsnis6\" title=\"\">\u017er. katekizmas.lt<\/a>).<\/p>\n\n\n\n<p><strong>7.<\/strong> <strong><a href=\"https:\/\/kristuskaralius.lt\/index.php\/testas1\/\" title=\"\">SANTUOKOS SAKRAMENTAS<\/a><\/strong>&nbsp;\u2013 jaunieji prisiekia vienas kitam meil\u0119 ir i\u0161tikimyb\u0119; j\u0173 bendryst\u0117 yra Dievo \u012fkurtos bendryst\u0117s atspindys.<\/p>\n","protected":false},"excerpt":{"rendered":"<p>Sakramentai&nbsp;yra J\u0117zaus Kristaus \u012fsteigti \u017eenklai, per kuriuos gaunama ir patiriama Dievo malon\u0117. Vie\u0161pats \u012fsteig\u0117 Ba\u017eny\u010di\u0105, kad per j\u0105 rodyt\u0173 \u017emon\u0117ms keli\u0105 \u012f I\u0161ganym\u0105. Ji yra pirminis sakramentas, kuriuo \u012fkurti ir kiti sakramentai, jos teikiami i\u0161pa\u017e\u012fstantiems Tik\u0117jim\u0105 ir juo gyvenantiems, kuriems Ba\u017eny\u010dia perduoda juos nuo apa\u0161tal\u0173 laik\u0173 (\u017er. katekizmas.lt). Ba\u017eny\u010dia yra Neregimojo Dievo Meil\u0117s ir Artumo [&hellip;]<\/p>\n","protected":false},"author":3,"featured_media":0,"parent":0,"menu_order":0,"comment_status":"closed","ping_status":"closed","template":"","meta":{"om_disable_all_campaigns":false,"_mi_skip_tracking":false,"_monsterinsights_sitenote_active":false,"_monsterinsights_sitenote_note":"","_monsterinsights_sitenote_category":0,"footnotes":""},"aioseo_notices":[],"_links":{"self":[{"href":"https:\/\/kristuskaralius.lt\/index.php\/wp-json\/wp\/v2\/pages\/859"}],"collection":[{"href":"https:\/\/kristuskaralius.lt\/index.php\/wp-json\/wp\/v2\/pages"}],"about":[{"href":"https:\/\/kristuskaralius.lt\/index.php\/wp-json\/wp\/v2\/types\/page"}],"author":[{"embeddable":true,"href":"https:\/\/kristuskaralius.lt\/index.php\/wp-json\/wp\/v2\/users\/3"}],"replies":[{"embeddable":true,"href":"https:\/\/kristuskaralius.lt\/index.php\/wp-json\/wp\/v2\/comments?post=859"}],"version-history":[{"count":18,"href":"https:\/\/kristuskaralius.lt\/index.php\/wp-json\/wp\/v2\/pages\/859\/revisions"}],"predecessor-version":[{"id":3540,"href":"https:\/\/kristuskaralius.lt\/index.php\/wp-json\/wp\/v2\/pages\/859\/revisions\/3540"}],"wp:attachment":[{"href":"https:\/\/kristuskaralius.lt\/index.php\/wp-json\/wp\/v2\/media?parent=859"}],"curies":[{"name":"wp","href":"https:\/\/api.w.org\/{rel}","templated":true}]}}