{"id":898,"date":"2023-09-04T18:52:50","date_gmt":"2023-09-04T18:52:50","guid":{"rendered":"https:\/\/kristuskaralius.lt\/?page_id=898"},"modified":"2025-12-30T14:22:16","modified_gmt":"2025-12-30T14:22:16","slug":"atlaidai","status":"publish","type":"page","link":"https:\/\/kristuskaralius.lt\/index.php\/atlaidai\/","title":{"rendered":"Atlaidai"},"content":{"rendered":"\n<div class=\"wp-block-columns is-layout-flex wp-container-core-columns-is-layout-1 wp-block-columns-is-layout-flex\">\n<div class=\"wp-block-column is-layout-flow wp-block-column-is-layout-flow\" style=\"flex-basis:100%\">\n<h5 class=\"wp-block-heading has-text-align-left\"><strong>KRISTUS, VISATOS VALDOVAS<\/strong> \/ <strong>KRISTUS KARALIUS<\/strong><\/h5>\n\n\n\n<p class=\"has-text-align-left\"><strong>2026 m. lapkri\u010dio 22 d.<\/strong><\/p>\n\n\n\n<p class=\"has-text-align-left\">Kristaus Karaliaus i\u0161kilm\u0117 \u2013 tituliniai parapijos atlaidai, \u0161ven\u010diami paskutin\u012f liturgini\u0173 met\u0173 sekmadien\u012f \u2013 paskutin\u012f sekmadien\u012f prie\u0161 advent\u0105<\/p>\n\n\n\n<p><\/p>\n\n\n\n<figure class=\"wp-block-image size-full\"><img loading=\"lazy\" decoding=\"async\" width=\"2048\" height=\"1382\" src=\"http:\/\/kristuskaralius.lt\/wp-content\/uploads\/2025\/11\/587765725_1160093859659823_3101940660997774725_n.jpg\" alt=\"\" class=\"wp-image-4226\" srcset=\"https:\/\/kristuskaralius.lt\/wp-content\/uploads\/2025\/11\/587765725_1160093859659823_3101940660997774725_n.jpg 2048w, https:\/\/kristuskaralius.lt\/wp-content\/uploads\/2025\/11\/587765725_1160093859659823_3101940660997774725_n-300x202.jpg 300w, https:\/\/kristuskaralius.lt\/wp-content\/uploads\/2025\/11\/587765725_1160093859659823_3101940660997774725_n-1024x691.jpg 1024w, https:\/\/kristuskaralius.lt\/wp-content\/uploads\/2025\/11\/587765725_1160093859659823_3101940660997774725_n-768x518.jpg 768w, https:\/\/kristuskaralius.lt\/wp-content\/uploads\/2025\/11\/587765725_1160093859659823_3101940660997774725_n-1536x1037.jpg 1536w\" sizes=\"(max-width: 2048px) 100vw, 2048px\" \/><figcaption class=\"wp-element-caption\">2025-11-23<\/figcaption><\/figure>\n<\/div>\n<\/div>\n\n\n\n<p>\u201e<strong>Atlaidai yra<\/strong> laikinosios bausm\u0117s u\u017e nuod\u0117mes, kuri\u0173 kalt\u0117 jau panaikinta, atleidimas Dievo akivaizdoje; j\u012f gauna ai\u0161kiai nurodytomis s\u0105lygomis tinkamai pasireng\u0119s krik\u0161\u010dionis tarpininkaujant Ba\u017eny\u010diai, kuri kaip Atpirkimo teik\u0117ja autoritetingai dalija ir skirsto Kristaus ir Jo \u0161vent\u0173j\u0173 nuopeln\u0173 lob\u012f\u201c (KBK, nr. 79).<\/p>\n\n\n\n<p>\u201e<strong>Atlaidai yra daliniai arba visuotiniai<\/strong>, nelygu, ar laikin\u0105j\u0105 bausm\u0119 u\u017e nuod\u0117mes atleid\u017eia i\u0161 dalies ar vis\u0105\u201c (KBK, nr. 80).<\/p>\n\n\n\n<p>\u201eKiekvienas tikintysis atlaidus [\u2026] gali pelnyti sau pa\u010diam ar u\u017etarimo b\u016bdu skirti mirusiesiems\u201c (KBK, nr. 81), \u017er. <a href=\"https:\/\/katekizmas.lt\/kbk\/dalis2\/skyrius2\/poskyris2\/skirsnis4#se507\" title=\"\">katekizmas.lt\/1471<\/a>.<\/p>\n\n\n\n<p class=\"has-text-align-left\"><strong>Atlaid\u0173 pelnymo s\u0105lygos<\/strong><\/p>\n\n\n\n<ol>\n<li>Atlikti i\u0161pa\u017eint\u012f \u2013 b\u016bti malon\u0117s b\u016bsenos, t. y. b\u016bti be sunkios nuod\u0117m\u0117s. Be to, reikia atsi\u017ead\u0117ti bet kokio prisiri\u0161imo prie bet kokios, kad ir lengvos, nuod\u0117m\u0117s.<\/li>\n\n\n\n<li>Priimti \u0161v. Komunij\u0105.<\/li>\n\n\n\n<li>Pasimelsti popie\u017eiaus intencija. \u0160i s\u0105lyga visi\u0161kai \u012fvykdoma, vien\u0105 kart\u0105 sukalb\u0117jus \u201eT\u0117ve m\u016bs\u0173\u201d ir \u201eSveika, Marija\u201d. Ta\u010diau leid\u017eiama sukalb\u0117ti ir bet kuri\u0105 kit\u0105 mald\u0105 pagal kiekvieno pamaldum\u0105 ir nusiteikim\u0105.<br>Jei ne\u012fvykdoma kuri nors i\u0161 min\u0117t\u0173j\u0173 trij\u0173 s\u0105lyg\u0173, gaunami tik daliniai atlaidai.<\/li>\n\n\n\n<li>Vie\u0161ai sukalb\u0117ti \u017dmonijos pasiaukojimo \u0160v\u010d. J\u0117zaus \u0160ird\u017eiai akt\u0105.<\/li>\n<\/ol>\n\n\n\n<p class=\"has-text-align-left\"><strong>\u017dmonijos pasiaukojimo \u0160v\u010d. J\u0117zaus \u0160ird\u017eiai aktas<\/strong><\/p>\n\n\n\n<p><strong>Mielasis J\u0117zau<\/strong>, \u017emonijos Atpirk\u0117jau, pa\u017evelk \u012f mus, nuolankiai suklaupusius prie\u0161 Tavo altori\u0173 (paveiksl\u0105). Mes Tavo esame ir norime tavo b\u016bti. Kad dar tvir\u010diau gal\u0117tume su Tavimi susijungti, \u0161iandien visi ir kiekvienas pasiaukojame \u0160ven\u010diausiajai Tavo \u0160ird\u017eiai.<br><strong>Gerasis J\u0117zau!<\/strong> Daugelis Tav\u0119s visi\u0161kai nepa\u017e\u012fsta, daugelis, paniekin\u0119 Tavo \u012fsakymus nuo Tav\u0119s nusigr\u0119\u017e\u0117. Pasigail\u0117k j\u0173 ir visus patrauk prie savo \u0160ven\u010diausios \u0160irdies. B\u016bk, Vie\u0161patie, Valdovas ne vien i\u0161tikim\u0173j\u0173, kurie niekada nuo Tav\u0119s nepasitraukia, bet ir s\u016bn\u0173 palaid\u016bn\u0173, kurie Tave paliko. Pad\u0117k jiems greitai sugr\u012f\u017eti \u012f T\u0117vo namus, kad ne\u017e\u016bt\u0173 dvasios skurde.<br><strong>B\u016bki Valdovas<\/strong> t\u0173 broli\u0173, kurie yra nuo m\u016bs\u0173 atsiskyr\u0119 d\u0117l klaid\u0173 ar nesantaikos. Pa\u0161auk juos \u012f tiesos pilnatv\u0119 ir tik\u0117jimo vienyb\u0119, kad b\u016bt\u0173 viena kaimen\u0117 ir vienas ganytojas. Taip pat visus Tav\u0119s dar nepa\u017e\u012fstan\u010dius atvesk \u012f savo tikin\u010di\u0173j\u0173 \u0161eim\u0105.<br>Suteik, Vie\u0161patie, savo Ba\u017eny\u010diai tikr\u0105 klest\u0117jim\u0105, duok visoms tautoms taik\u0105 ir ramyb\u0119. Padaryk, kad visoje \u017eem\u0117je skamb\u0117t\u0173 vienas balsas: Garb\u0117 ir \u0161lov\u0117 m\u016bs\u0173 I\u0161ganytojo dievi\u0161kajai \u0160ird\u017eiai per am\u017eius! Amen.<\/p>\n\n\n\n<p><strong>Daugiau apie atlaidus<\/strong><strong>:<\/strong><br><em><a href=\"https:\/\/katekizmas.lt\/kbk\/dalis2\/skyrius2\/poskyris2\/skirsnis4#se507\" title=\"\">KBK | KATEKIZMAS.LT<\/a><br><a href=\"http:\/\/www.lcn.lt\/bzinios\/bz0012\/012str.html\" title=\"\">Mokymas apie atlaidus ir j\u0173 praktika 1999 m. atlaid\u0173 rinkinyje Enchiridion indulgentiarum<\/a><\/em><\/p>\n\n\n\n<figure class=\"wp-block-image size-full\"><img loading=\"lazy\" decoding=\"async\" width=\"669\" height=\"1000\" src=\"http:\/\/kristuskaralius.lt\/wp-content\/uploads\/2022\/04\/Kristuskaralius0975.jpg\" alt=\"\" class=\"wp-image-41\" srcset=\"https:\/\/kristuskaralius.lt\/wp-content\/uploads\/2022\/04\/Kristuskaralius0975.jpg 669w, https:\/\/kristuskaralius.lt\/wp-content\/uploads\/2022\/04\/Kristuskaralius0975-201x300.jpg 201w\" sizes=\"(max-width: 669px) 100vw, 669px\" \/><\/figure>\n\n\n\n<p><strong>Kristaus, Visatos Karaliaus (Pantokratorius \u2013 tas, \u201ekurio galioje yra visa\u201c), ikona vaizduoja Krist\u0173, s\u0117dint\u012f soste, Jam po kojomis \u2013 Visata (plg. Apr 3, 21).<\/strong><\/p>\n\n\n\n<p>AUKSAS (am\u017eina med\u017eiaga, spindinti savita \u0161viesa) ikonos fone simbolizuoja visa perkei\u010dian\u010di\u0105 Dievo \u0161vies\u0105. Pats fonas nurodo, kad esame sl\u0117pinio akivaizdoje, ir padaro ikon\u0105 pana\u0161i\u0105 \u012f \u017evilgsn\u012f traukian\u010di\u0105 \u0161vies\u0105.<\/p>\n\n\n\n<p>FIG\u016aRA \u2013 Kristaus fig\u016bra n\u0117ra ir negali b\u016bti nat\u016braliai vaizduojama, nes Jis jau yra perkeistas.<\/p>\n\n\n\n<p>TUNIKA \u2013 raudona. Tai kraujo, t. y. gyvyb\u0117s, spalva. Tai Dievo spalva, nes tik Jam priklauso gyvyb\u0117. \u0160i tunika perjuosta paauksuota juosta (clavus). Tai galios \u017eenklas, kur\u012f ne\u0161iodavo Romos imperatoriai.<\/p>\n\n\n\n<p>APSIAUSTAS \u2013 m\u0117lynas. Tai \u017emogi\u0161kumo spalva, simbolizuojanti \u017emogyst\u0119, kuria apsivilko Kristus.<\/p>\n\n\n\n<p>KNYGA \u2013 atverta, Kristus j\u0105 laiko kair\u0117je rankoje, rodo \u017eod\u017eius, kuriuos mums nori pasakyti: \u201eA\u0161 \u2013 pasaulio \u0161viesa. Kas seka manimi, nebevaik\u0161\u010dios tamsyb\u0117se, bet tur\u0117s gyvenimo \u0161vies\u0105\u201c (Jn 8, 12).<\/p>\n\n\n\n<p>RANKA \u2013 Pakelta de\u0161inioji ranka yra graik\u0173 oratori\u0173 gestas, \u010dia jis rodo, kad J\u0117zus kalba; taip pat tai laiminimo \u017eenklas.<\/p>\n\n\n\n<p>VEIDAS \u2013 taisyklingas.<\/p>\n\n\n\n<p>NOSIS \u2013 laiba ir pailginta. Ji rodo krypt\u012f \u012f vir\u0161\u0173, T\u0117vo link.<\/p>\n\n\n\n<p>BURNA \u2013 ma\u017ea ir u\u017e\u010diaupta. Ji mums primena adoruojan\u010di\u0105 tyl\u0105.<\/p>\n\n\n\n<p>AUSYS \u2013 vos \u017eymios. Jos mums primena, kad turime b\u016bti d\u0117mesingi Dievo \u017eod\u017eio klausytojai.<\/p>\n\n\n\n<p>PLAUKAI \u2013 tank\u016bs ir taisyklingi, pana\u0161\u016bs \u012f kar\u010dius. Anot Aprei\u0161kimo Jonui, Kristus yra Judo li\u016btas (\u201e\u0160tai nugal\u0117jo li\u016btas i\u0161 Judo gimin\u0117s, Dovydo at\u017eala\u201c,  Apr 5, 5).<\/p>\n\n\n\n<p>AKYS \u2013 J\u0117zaus veidas yra \u0161viesos veidas, Jo centras \u2013 \u017evilgsnis. Jis \u017evelgia \u012f mus (\u201eJo akys visk\u0105 ap\u017evelgia, \u012fd\u0117mus \u017evilgsnis tiria \u017emones\u201c, Ps 11, 4), kad ir mes mok\u0117tume \u017evelgti \u012f J\u012f kaip \u012f veidrod\u012f, kad b\u016btume \u0161venti kaip Jis.<\/p>\n\n\n\n<p>AUREOL\u0116, supanti Kristaus veid\u0105, rodo Jo \u0161ventum\u0105.<\/p>\n\n\n\n<p>KRY\u017dIUS aureol\u0117je rodo, kad Jis i\u0161 tikr\u0173j\u0173 kent\u0117jo ir i\u0161 tikr\u0173j\u0173 prisik\u0117l\u0117.<\/p>\n\n\n\n<p>OWN kry\u017eiuje rei\u0161kia \u201eA\u0161 esu, kuris esu\u201c (I\u0161 3, 14). Taip Dievas save aprei\u0161k\u0117 Mozei. Tai Dievo T\u0117vo vardas. B\u016btent J\u0117zus Evangelijoje pagal Jon\u0105 sako: \u201eKas yra mat\u0119s mane, yra mat\u0119s T\u0117v\u0105!\u201c (Jn 14, 9).<\/p>\n\n\n\n<p>IC XC \u2013 J\u0117zus Kristus.<\/p>\n\n\n\n<p>SOSTAS, ant kurio s\u0117di J\u0117zus, yra ap\u0161viestas \u0161viesos. Tai spind\u0117jimo sostas, papuo\u0161tas purpuriniu pagalviu, Jo karali\u0161kos didyb\u0117s \u017eenklas.<\/p>\n\n\n\n<p>DANG\u016aS po kojomis rodo, kad tas, kurio sostas danguose (plg. Ps 11, 4), turi gali\u0105 viskam ir visiems. Jis \u2013 karali\u0173 Karalius<\/p>\n\n\n\n<p><strong>Apie ikon\u0105:<\/strong> <em><a href=\"http:\/\/www.lcn.lt\/ofm_ikonu-kryziaus-kelias\/kristauski.html\" title=\"\">http:\/\/www.lcn.lt\/ofm_ikonu-kryziaus-kelias\/kristauski.html<\/a><\/em><\/p>\n","protected":false},"excerpt":{"rendered":"<p>KRISTUS, VISATOS VALDOVAS \/ KRISTUS KARALIUS 2026 m. lapkri\u010dio 22 d. Kristaus Karaliaus i\u0161kilm\u0117 \u2013 tituliniai parapijos atlaidai, \u0161ven\u010diami paskutin\u012f liturgini\u0173 met\u0173 sekmadien\u012f \u2013 paskutin\u012f sekmadien\u012f prie\u0161 advent\u0105 \u201eAtlaidai yra laikinosios bausm\u0117s u\u017e nuod\u0117mes, kuri\u0173 kalt\u0117 jau panaikinta, atleidimas Dievo akivaizdoje; j\u012f gauna ai\u0161kiai nurodytomis s\u0105lygomis tinkamai pasireng\u0119s krik\u0161\u010dionis tarpininkaujant Ba\u017eny\u010diai, kuri kaip Atpirkimo teik\u0117ja [&hellip;]<\/p>\n","protected":false},"author":3,"featured_media":0,"parent":0,"menu_order":0,"comment_status":"closed","ping_status":"closed","template":"","meta":{"om_disable_all_campaigns":false,"_mi_skip_tracking":false,"_monsterinsights_sitenote_active":false,"_monsterinsights_sitenote_note":"","_monsterinsights_sitenote_category":0,"footnotes":""},"aioseo_notices":[],"_links":{"self":[{"href":"https:\/\/kristuskaralius.lt\/index.php\/wp-json\/wp\/v2\/pages\/898"}],"collection":[{"href":"https:\/\/kristuskaralius.lt\/index.php\/wp-json\/wp\/v2\/pages"}],"about":[{"href":"https:\/\/kristuskaralius.lt\/index.php\/wp-json\/wp\/v2\/types\/page"}],"author":[{"embeddable":true,"href":"https:\/\/kristuskaralius.lt\/index.php\/wp-json\/wp\/v2\/users\/3"}],"replies":[{"embeddable":true,"href":"https:\/\/kristuskaralius.lt\/index.php\/wp-json\/wp\/v2\/comments?post=898"}],"version-history":[{"count":46,"href":"https:\/\/kristuskaralius.lt\/index.php\/wp-json\/wp\/v2\/pages\/898\/revisions"}],"predecessor-version":[{"id":4364,"href":"https:\/\/kristuskaralius.lt\/index.php\/wp-json\/wp\/v2\/pages\/898\/revisions\/4364"}],"wp:attachment":[{"href":"https:\/\/kristuskaralius.lt\/index.php\/wp-json\/wp\/v2\/media?parent=898"}],"curies":[{"name":"wp","href":"https:\/\/api.w.org\/{rel}","templated":true}]}}